{"id":179,"date":"2024-01-09T12:23:49","date_gmt":"2024-01-09T11:23:49","guid":{"rendered":"https:\/\/so-xarxa-recursos-test.azurewebsites.net\/?page_id=179"},"modified":"2024-01-09T12:24:21","modified_gmt":"2024-01-09T11:24:21","slug":"3-1-podcast-en-la-era-digital","status":"publish","type":"page","link":"https:\/\/so-xarxa-test.recursos.uoc.edu\/es\/3-1-podcast-en-la-era-digital\/","title":{"rendered":"3.1. P\u00f3dcast en la era digital"},"content":{"rendered":"<p>El podcasting es una tecnolog\u00eda poderosa que permite conectar a personas de todo el mundo y ofrece un medio para poder transmitir mensajes y experiencias que muchas veces no encuentran un espacio en canales tradicionales como por ejemplo la radio.<\/p>\n<p>El origen etimol\u00f3gico de la palabra <em>p\u00f3dcast<\/em> viene de la fusi\u00f3n de la palabra que nombra el dispositivo de Apple iPod y el t\u00e9rmino ingl\u00e9s de <em>transmisi\u00f3n<\/em> (<em>broadcast<\/em>). Es a principios de 2004 cuando aparece esta denominaci\u00f3n por primera vez. Podemos considerar que un p\u00f3dcast es similar a un programa de radio, pero que tiene un medio de difusi\u00f3n diferente y algunas caracter\u00edsticas propias.<\/p>\n<p>Un p\u00f3dcast es un formato de contenido digital que consiste en una serie de archivos de audio o a veces tambi\u00e9n de video, divididos en episodios que se distribuyen a trav\u00e9s de Internet. Los episodios pueden abordar una amplia variedad de temas, desde noticias, tecnolog\u00eda y cultura hasta entretenimiento, historia, etc. Los oyentes pueden suscribirse a un p\u00f3dcast para recibir autom\u00e1ticamente los nuevos episodios a medida que se lanzan.<\/p>\n<p>Aunque algunos pueden ser consumidos en directo, la esencia del p\u00f3dcast es la posibilidad de escucharlos o descargarlos en cualquier momento. Esa asincron\u00eda entre la producci\u00f3n o la emisi\u00f3n y la escucha es una de las caracter\u00edsticas que dan vida a los p\u00f3dcast.<\/p>\n<p>El podcasting ha experimentado un notable auge en los \u00faltimos a\u00f1os, transform\u00e1ndose en una poderosa herramienta de comunicaci\u00f3n, entretenimiento, educaci\u00f3n y difusi\u00f3n de ideas.<\/p>\n<p>La revoluci\u00f3n tecnol\u00f3gica en la que estamos inmersos tiene dos implicaciones clave para el \u00e9xito de los p\u00f3dcast. Por una parte, tenemos una red como Internet y unos sistemas de comunicaci\u00f3n que permiten a la mayor\u00eda de la poblaci\u00f3n estar, de manera pr\u00e1cticamente continua, conectados con acceso a todo aquello que se publique. Por otra parte, la tecnolog\u00eda se ha vuelto m\u00e1s asequible, haciendo que los equipos necesarios para grabar un p\u00f3dcast sean accesibles a un p\u00fablico muy amplio.<\/p>\n<p>A partir de aqu\u00ed, se produce un fen\u00f3meno parecido a cuando surgieron los blogs en la web. Estos permitieron a personas an\u00f3nimas publicar sus opiniones o hablar de cualquier cosa que les interesase, haciendo llegar su mensaje e interactuar con sus lectores. Los p\u00f3dcast ponen al alcance de muchas personas la posibilidad de comunicar, a una audiencia potencialmente global, aquello que quieran compartir.<\/p>\n","protected":false},"excerpt":{"rendered":"<p>El podcasting es una tecnolog\u00eda poderosa que permite conectar a personas de todo el mundo y ofrece un medio para poder transmitir mensajes y experiencias que muchas veces no encuentran un espacio en canales tradicionales como por ejemplo la radio. El origen etimol\u00f3gico de la palabra p\u00f3dcast viene de la fusi\u00f3n de la palabra que [&hellip;]<\/p>\n","protected":false},"author":2,"featured_media":0,"parent":0,"menu_order":0,"comment_status":"closed","ping_status":"closed","template":"","meta":{"footnotes":""},"acf":[],"_links":{"self":[{"href":"https:\/\/so-xarxa-test.recursos.uoc.edu\/es\/wp-json\/wp\/v2\/pages\/179"}],"collection":[{"href":"https:\/\/so-xarxa-test.recursos.uoc.edu\/es\/wp-json\/wp\/v2\/pages"}],"about":[{"href":"https:\/\/so-xarxa-test.recursos.uoc.edu\/es\/wp-json\/wp\/v2\/types\/page"}],"author":[{"embeddable":true,"href":"https:\/\/so-xarxa-test.recursos.uoc.edu\/es\/wp-json\/wp\/v2\/users\/2"}],"replies":[{"embeddable":true,"href":"https:\/\/so-xarxa-test.recursos.uoc.edu\/es\/wp-json\/wp\/v2\/comments?post=179"}],"version-history":[{"count":1,"href":"https:\/\/so-xarxa-test.recursos.uoc.edu\/es\/wp-json\/wp\/v2\/pages\/179\/revisions"}],"predecessor-version":[{"id":181,"href":"https:\/\/so-xarxa-test.recursos.uoc.edu\/es\/wp-json\/wp\/v2\/pages\/179\/revisions\/181"}],"wp:attachment":[{"href":"https:\/\/so-xarxa-test.recursos.uoc.edu\/es\/wp-json\/wp\/v2\/media?parent=179"}],"curies":[{"name":"wp","href":"https:\/\/api.w.org\/{rel}","templated":true}]}}