{"id":190,"date":"2024-01-09T12:32:26","date_gmt":"2024-01-09T11:32:26","guid":{"rendered":"https:\/\/so-xarxa-recursos-test.azurewebsites.net\/?page_id=190"},"modified":"2024-01-11T12:01:32","modified_gmt":"2024-01-11T11:01:32","slug":"3-2-3-equipo-y-grabacion","status":"publish","type":"page","link":"https:\/\/so-xarxa-test.recursos.uoc.edu\/es\/3-2-3-equipo-y-grabacion\/","title":{"rendered":"3.2.3. Equipo y grabaci\u00f3n"},"content":{"rendered":"<ul>\n<li><strong>Micr\u00f3fono<\/strong>. Utilizar un micr\u00f3fono de calidad para una grabaci\u00f3n clara es algo fundamental. Actualmente, en el mercado podemos encontrar micr\u00f3fonos USB con muy buena calidad a precios asequibles.<\/li>\n<li><strong>Auriculares<\/strong>. Esta es una pieza a la que muchas veces no se le da la importancia que tiene. Escucharnos de forma correcta es el primer paso para obtener un audio de calidad. Lo mejor es recurrir a auriculares que nos permitan un volumen suficiente y que tengan una respuesta lo m\u00e1s neutra posible sobre el audio reproducido.<\/li>\n<li><strong>Software de grabaci\u00f3n<\/strong>. Hay varios programas que se pueden utilizar, pero podemos recomendar dos. Audacity, que es gratuito, multiplataforma, muy potente, profesional y con una buena comunidad de usuarios y desarrolladores respald\u00e1ndolo. Adobe Audition es un software comercial muy utilizado profesionalmente que se integra perfectamente con otros productos de la suite de Adobe.<\/li>\n<li><strong>Espacio de grabaci\u00f3n<\/strong>. La primera caracter\u00edstica que debe tener es que sea un lugar silencioso, con poca reverberaci\u00f3n. Esta se produce en superficies planas y duras como cristales, techos, suelos o paredes desnudas. Debemos grabar en una habitaci\u00f3n con superficies blandas, como un sof\u00e1, una cortina o una alfombra, tambi\u00e9n elementos como estanter\u00edas con libros o muebles nos pueden ayudar.<\/li>\n<\/ul>\n","protected":false},"excerpt":{"rendered":"<p>Micr\u00f3fono. Utilizar un micr\u00f3fono de calidad para una grabaci\u00f3n clara es algo fundamental. Actualmente, en el mercado podemos encontrar micr\u00f3fonos USB con muy buena calidad a precios asequibles. Auriculares. Esta es una pieza a la que muchas veces no se le da la importancia que tiene. Escucharnos de forma correcta es el primer paso para [&hellip;]<\/p>\n","protected":false},"author":2,"featured_media":0,"parent":0,"menu_order":0,"comment_status":"closed","ping_status":"closed","template":"","meta":{"footnotes":""},"acf":[],"_links":{"self":[{"href":"https:\/\/so-xarxa-test.recursos.uoc.edu\/es\/wp-json\/wp\/v2\/pages\/190"}],"collection":[{"href":"https:\/\/so-xarxa-test.recursos.uoc.edu\/es\/wp-json\/wp\/v2\/pages"}],"about":[{"href":"https:\/\/so-xarxa-test.recursos.uoc.edu\/es\/wp-json\/wp\/v2\/types\/page"}],"author":[{"embeddable":true,"href":"https:\/\/so-xarxa-test.recursos.uoc.edu\/es\/wp-json\/wp\/v2\/users\/2"}],"replies":[{"embeddable":true,"href":"https:\/\/so-xarxa-test.recursos.uoc.edu\/es\/wp-json\/wp\/v2\/comments?post=190"}],"version-history":[{"count":5,"href":"https:\/\/so-xarxa-test.recursos.uoc.edu\/es\/wp-json\/wp\/v2\/pages\/190\/revisions"}],"predecessor-version":[{"id":378,"href":"https:\/\/so-xarxa-test.recursos.uoc.edu\/es\/wp-json\/wp\/v2\/pages\/190\/revisions\/378"}],"wp:attachment":[{"href":"https:\/\/so-xarxa-test.recursos.uoc.edu\/es\/wp-json\/wp\/v2\/media?parent=190"}],"curies":[{"name":"wp","href":"https:\/\/api.w.org\/{rel}","templated":true}]}}