{"id":212,"date":"2024-01-09T12:44:51","date_gmt":"2024-01-09T11:44:51","guid":{"rendered":"https:\/\/so-xarxa-recursos-test.azurewebsites.net\/?page_id=212"},"modified":"2024-01-09T12:44:51","modified_gmt":"2024-01-09T11:44:51","slug":"3-4-1-introduccion","status":"publish","type":"page","link":"https:\/\/so-xarxa-test.recursos.uoc.edu\/es\/3-4-1-introduccion\/","title":{"rendered":"3.4.1. Introducci\u00f3n"},"content":{"rendered":"<p>El \u00e9xito de un p\u00f3dcast no depende solo de su contenido, sino tambi\u00e9n de c\u00f3mo se presenta y distribuye a la potencial audiencia. Las plataformas de alojamiento y los directorios de p\u00f3dcast son la base para tener una buena presencia en l\u00ednea, lo que debe ayudar a la capacidad para conectarse con oyentes de todo el mundo.<\/p>\n","protected":false},"excerpt":{"rendered":"<p>El \u00e9xito de un p\u00f3dcast no depende solo de su contenido, sino tambi\u00e9n de c\u00f3mo se presenta y distribuye a la potencial audiencia. Las plataformas de alojamiento y los directorios de p\u00f3dcast son la base para tener una buena presencia en l\u00ednea, lo que debe ayudar a la capacidad para conectarse con oyentes de todo [&hellip;]<\/p>\n","protected":false},"author":2,"featured_media":0,"parent":0,"menu_order":0,"comment_status":"closed","ping_status":"closed","template":"","meta":{"footnotes":""},"acf":[],"_links":{"self":[{"href":"https:\/\/so-xarxa-test.recursos.uoc.edu\/es\/wp-json\/wp\/v2\/pages\/212"}],"collection":[{"href":"https:\/\/so-xarxa-test.recursos.uoc.edu\/es\/wp-json\/wp\/v2\/pages"}],"about":[{"href":"https:\/\/so-xarxa-test.recursos.uoc.edu\/es\/wp-json\/wp\/v2\/types\/page"}],"author":[{"embeddable":true,"href":"https:\/\/so-xarxa-test.recursos.uoc.edu\/es\/wp-json\/wp\/v2\/users\/2"}],"replies":[{"embeddable":true,"href":"https:\/\/so-xarxa-test.recursos.uoc.edu\/es\/wp-json\/wp\/v2\/comments?post=212"}],"version-history":[{"count":1,"href":"https:\/\/so-xarxa-test.recursos.uoc.edu\/es\/wp-json\/wp\/v2\/pages\/212\/revisions"}],"predecessor-version":[{"id":213,"href":"https:\/\/so-xarxa-test.recursos.uoc.edu\/es\/wp-json\/wp\/v2\/pages\/212\/revisions\/213"}],"wp:attachment":[{"href":"https:\/\/so-xarxa-test.recursos.uoc.edu\/es\/wp-json\/wp\/v2\/media?parent=212"}],"curies":[{"name":"wp","href":"https:\/\/api.w.org\/{rel}","templated":true}]}}