{"id":253,"date":"2024-01-09T13:34:09","date_gmt":"2024-01-09T12:34:09","guid":{"rendered":"https:\/\/so-xarxa-recursos-test.azurewebsites.net\/?page_id=253"},"modified":"2024-01-09T13:34:09","modified_gmt":"2024-01-09T12:34:09","slug":"5-2-1-introduccion","status":"publish","type":"page","link":"https:\/\/so-xarxa-test.recursos.uoc.edu\/es\/5-2-1-introduccion\/","title":{"rendered":"5.2.1. Introducci\u00f3n"},"content":{"rendered":"<p>La radio ha sido el medio que ha tenido el audio como parte imprescindible para su existencia. A lo largo de los a\u00f1os la radio ha pasado de anal\u00f3gica a digital en la producci\u00f3n de los contenidos, pero tambi\u00e9n en su distribuci\u00f3n.<\/p>\n<p>Hoy es habitual que las emisoras de radio convencionales dispongan de una distribuci\u00f3n cl\u00e1sica a trav\u00e9s de transmisores y antenas en el espacio radioel\u00e9ctrico, pero tambi\u00e9n de su distribuci\u00f3n v\u00eda streaming a trav\u00e9s de Internet.<\/p>\n<p>El f\u00e1cil acceso a la distribuci\u00f3n de contenidos v\u00eda streaming en Internet ha propiciado tambi\u00e9n la aparici\u00f3n de emisoras que funcionan solo a trav\u00e9s de este medio. Es una oportunidad para experiencias comunitarias, no comerciales, libres y culturales gestionadas por personas o colectivos que enriquecen la oferta de audio en l\u00ednea.<\/p>\n<p>La distribuci\u00f3n de radio a trav\u00e9s de Internet cambia totalmente el paradigma, haciendo que estas transmisiones pueden llegar a cualquier parte del planeta donde haya un dispositivo conectado. Cada vez m\u00e1s personas disponen de un dispositivo como un tel\u00e9fono inteligente conectado de forma permanente a Internet, por lo tanto tienen a su disposici\u00f3n decenas de miles de emisoras de radio que pueden ser escuchadas en cualquier momento.<\/p>\n<p>Es imprescindible disponer de directorios que permitan la b\u00fasqueda de las diferentes emisoras de radio, vamos a mostrar dos ejemplos, uno por su originalidad y el otro por su popularidad.<\/p>\n","protected":false},"excerpt":{"rendered":"<p>La radio ha sido el medio que ha tenido el audio como parte imprescindible para su existencia. A lo largo de los a\u00f1os la radio ha pasado de anal\u00f3gica a digital en la producci\u00f3n de los contenidos, pero tambi\u00e9n en su distribuci\u00f3n. Hoy es habitual que las emisoras de radio convencionales dispongan de una distribuci\u00f3n [&hellip;]<\/p>\n","protected":false},"author":2,"featured_media":0,"parent":0,"menu_order":0,"comment_status":"closed","ping_status":"closed","template":"","meta":{"footnotes":""},"acf":[],"_links":{"self":[{"href":"https:\/\/so-xarxa-test.recursos.uoc.edu\/es\/wp-json\/wp\/v2\/pages\/253"}],"collection":[{"href":"https:\/\/so-xarxa-test.recursos.uoc.edu\/es\/wp-json\/wp\/v2\/pages"}],"about":[{"href":"https:\/\/so-xarxa-test.recursos.uoc.edu\/es\/wp-json\/wp\/v2\/types\/page"}],"author":[{"embeddable":true,"href":"https:\/\/so-xarxa-test.recursos.uoc.edu\/es\/wp-json\/wp\/v2\/users\/2"}],"replies":[{"embeddable":true,"href":"https:\/\/so-xarxa-test.recursos.uoc.edu\/es\/wp-json\/wp\/v2\/comments?post=253"}],"version-history":[{"count":1,"href":"https:\/\/so-xarxa-test.recursos.uoc.edu\/es\/wp-json\/wp\/v2\/pages\/253\/revisions"}],"predecessor-version":[{"id":256,"href":"https:\/\/so-xarxa-test.recursos.uoc.edu\/es\/wp-json\/wp\/v2\/pages\/253\/revisions\/256"}],"wp:attachment":[{"href":"https:\/\/so-xarxa-test.recursos.uoc.edu\/es\/wp-json\/wp\/v2\/media?parent=253"}],"curies":[{"name":"wp","href":"https:\/\/api.w.org\/{rel}","templated":true}]}}