{"id":396,"date":"2024-01-11T13:18:19","date_gmt":"2024-01-11T12:18:19","guid":{"rendered":"https:\/\/so-xarxa-recursos-test.azurewebsites.net\/?page_id=396"},"modified":"2024-01-26T10:30:38","modified_gmt":"2024-01-26T09:30:38","slug":"6-2-1-introduccion","status":"publish","type":"page","link":"https:\/\/so-xarxa-test.recursos.uoc.edu\/es\/6-2-1-introduccion\/","title":{"rendered":"6.2.1. Introducci\u00f3n"},"content":{"rendered":"<p>Para llevar a cabo un streaming de audio en directo, se requieren varios elementos esenciales que trabajan en conjunto para garantizar una transmisi\u00f3n fluida y de calidad.<\/p>\n<ul>\n<li><strong>Fuentes de audio<\/strong>. La fuente de audio es el punto de origen del contenido que se transmitir\u00e1 en directo. Puede ser una actuaci\u00f3n en directo, un micr\u00f3fono que captura la voz de un artista, una mezcla de audio de un evento, un programa de radio, etc. Tambi\u00e9n puede ser un ordenador, recibiendo alguna de las fuentes anteriores, reproduciendo un archivo de audio o mezclando el audio de un micr\u00f3fono USB con m\u00fasica almacenada localmente.<\/li>\n<li><strong>Codificaci\u00f3n de audio<\/strong>. Antes de que el audio se transmita, debe ser convertido a un formato adecuado. Habitualmente se puede realizar con un ordenador donde se reproducir\u00e1 el audio de una fuente externa o interna. La codificaci\u00f3n de audio implica comprimir el contenido para reducir su tama\u00f1o sin perder calidad o perdiendo la menos posible. Formatos comunes incluyen MP3, AAC y Ogg Vorbis. Diferentes software pueden realizar esta funci\u00f3n a la vez que lo env\u00edan al servidor de streaming. Por ejemplo BUTT, que veremos m\u00e1s adelante. Tambi\u00e9n el conocido OBS, aunque est\u00e1 pensado para la de video, puede hacer esta funci\u00f3n incluso si la trasmisi\u00f3n es de audio.<\/li>\n<li><strong>Servidor de streaming<\/strong>. Un servidor de streaming es un componente esencial que distribuye el contenido de audio en directo a los oyentes. Este servidor garantiza una transmisi\u00f3n constante y de calidad. En streaming de audio, los dos tipos de servidores m\u00e1s utilizados son ShoutCast y IceCast. Aunque disponiendo de una conexi\u00f3n con suficiente ancho de banda es posible crear nuestro propio servidor localmente, lo habitual es que este sea externo. Enviamos nuestro audio en directo al servidor, por lo que el ancho de banda necesario ser\u00e1 reducido y este lo distribuir\u00e1 a trav\u00e9s de la red. Veremos un ejemplo con GISS.<\/li>\n<li><strong>Reproductores<\/strong>. Los oyentes utilizan reproductores para acceder y reproducir el contenido de audio en directo. Pueden ser reproductores integrados en sitios web, aplicaciones m\u00f3viles espec\u00edficas o software de reproducci\u00f3n de audio en sus dispositivos.<\/li>\n<li><strong>Conexi\u00f3n a Internet<\/strong>. El emisor necesita Internet para enviar el audio al servidor, y los oyentes para conectarse al servidor de streaming y recibir el audio en tiempo real. La velocidad y la calidad de la conexi\u00f3n a Internet pueden afectar significativamente la experiencia de los oyentes.<\/li>\n<\/ul>\n<p>&nbsp;<\/p>\n<p>&nbsp;<\/p>\n","protected":false},"excerpt":{"rendered":"<p>Para llevar a cabo un streaming de audio en directo, se requieren varios elementos esenciales que trabajan en conjunto para garantizar una transmisi\u00f3n fluida y de calidad. Fuentes de audio. La fuente de audio es el punto de origen del contenido que se transmitir\u00e1 en directo. Puede ser una actuaci\u00f3n en directo, un micr\u00f3fono que [&hellip;]<\/p>\n","protected":false},"author":2,"featured_media":0,"parent":0,"menu_order":0,"comment_status":"closed","ping_status":"closed","template":"","meta":{"footnotes":""},"acf":[],"_links":{"self":[{"href":"https:\/\/so-xarxa-test.recursos.uoc.edu\/es\/wp-json\/wp\/v2\/pages\/396"}],"collection":[{"href":"https:\/\/so-xarxa-test.recursos.uoc.edu\/es\/wp-json\/wp\/v2\/pages"}],"about":[{"href":"https:\/\/so-xarxa-test.recursos.uoc.edu\/es\/wp-json\/wp\/v2\/types\/page"}],"author":[{"embeddable":true,"href":"https:\/\/so-xarxa-test.recursos.uoc.edu\/es\/wp-json\/wp\/v2\/users\/2"}],"replies":[{"embeddable":true,"href":"https:\/\/so-xarxa-test.recursos.uoc.edu\/es\/wp-json\/wp\/v2\/comments?post=396"}],"version-history":[{"count":3,"href":"https:\/\/so-xarxa-test.recursos.uoc.edu\/es\/wp-json\/wp\/v2\/pages\/396\/revisions"}],"predecessor-version":[{"id":458,"href":"https:\/\/so-xarxa-test.recursos.uoc.edu\/es\/wp-json\/wp\/v2\/pages\/396\/revisions\/458"}],"wp:attachment":[{"href":"https:\/\/so-xarxa-test.recursos.uoc.edu\/es\/wp-json\/wp\/v2\/media?parent=396"}],"curies":[{"name":"wp","href":"https:\/\/api.w.org\/{rel}","templated":true}]}}