{"id":51,"date":"2024-01-09T11:06:02","date_gmt":"2024-01-09T10:06:02","guid":{"rendered":"https:\/\/so-xarxa-recursos-test.azurewebsites.net\/?page_id=51"},"modified":"2024-01-10T09:34:29","modified_gmt":"2024-01-10T08:34:29","slug":"1-1-integracion-de-audio-en-el-contexto-web","status":"publish","type":"page","link":"https:\/\/so-xarxa-test.recursos.uoc.edu\/es\/1-1-integracion-de-audio-en-el-contexto-web\/","title":{"rendered":"1.1. Integraci\u00f3n de audio en el contexto web"},"content":{"rendered":"<p>La integraci\u00f3n de elementos de audio en las p\u00e1ginas web ha ido evolucionando al mismo tiempo que iba evolucionando la tecnolog\u00eda web. Esta, cada vez m\u00e1s se ha transformado en un espacio interactivo y multimedia donde el sonido tiene una parte importante en la experiencia de usuario.<\/p>\n<p>En el a\u00f1o 2014 aparece HTML5 que supone un avance muy significativo en la integraci\u00f3n del sonido en las p\u00e1ginas web. En mayo de 2019 el W3C (World Wide Web Consortium) qu\u00e9 es la principal organizaci\u00f3n internacional de est\u00e1ndares para la World Wide Web, anunci\u00f3 que WHATWG (Web Hypertext Application Technology Working Group) ser\u00eda, en colaboraci\u00f3n con el W3C, el encargado de mantener la evoluci\u00f3n del WHATWG Living Standard, com\u00fanmente llamado HTML5, que se utiliza para referirse a las tecnolog\u00edas web modernas.<\/p>\n<div class=\"featured featured-grey\"><p><a href=\"https:\/\/html.spec.whatwg.org\/\" target=\"_blank\" rel=\"noopener\">https:\/\/html.spec.whatwg.org\/<\/a><\/p>\n<\/div>\n<p>La especificaci\u00f3n HTML ha sido y contin\u00faa siendo un documento vivo sin n\u00fameros de versi\u00f3n desde 2011, el cual incluye HTML como lenguaje de marcado principal para la web y tambi\u00e9n una serie de API relacionadas.<\/p>\n","protected":false},"excerpt":{"rendered":"<p>La integraci\u00f3n de elementos de audio en las p\u00e1ginas web ha ido evolucionando al mismo tiempo que iba evolucionando la tecnolog\u00eda web. Esta, cada vez m\u00e1s se ha transformado en un espacio interactivo y multimedia donde el sonido tiene una parte importante en la experiencia de usuario. En el a\u00f1o 2014 aparece HTML5 que supone [&hellip;]<\/p>\n","protected":false},"author":2,"featured_media":0,"parent":0,"menu_order":0,"comment_status":"closed","ping_status":"closed","template":"","meta":{"footnotes":""},"acf":[],"_links":{"self":[{"href":"https:\/\/so-xarxa-test.recursos.uoc.edu\/es\/wp-json\/wp\/v2\/pages\/51"}],"collection":[{"href":"https:\/\/so-xarxa-test.recursos.uoc.edu\/es\/wp-json\/wp\/v2\/pages"}],"about":[{"href":"https:\/\/so-xarxa-test.recursos.uoc.edu\/es\/wp-json\/wp\/v2\/types\/page"}],"author":[{"embeddable":true,"href":"https:\/\/so-xarxa-test.recursos.uoc.edu\/es\/wp-json\/wp\/v2\/users\/2"}],"replies":[{"embeddable":true,"href":"https:\/\/so-xarxa-test.recursos.uoc.edu\/es\/wp-json\/wp\/v2\/comments?post=51"}],"version-history":[{"count":3,"href":"https:\/\/so-xarxa-test.recursos.uoc.edu\/es\/wp-json\/wp\/v2\/pages\/51\/revisions"}],"predecessor-version":[{"id":332,"href":"https:\/\/so-xarxa-test.recursos.uoc.edu\/es\/wp-json\/wp\/v2\/pages\/51\/revisions\/332"}],"wp:attachment":[{"href":"https:\/\/so-xarxa-test.recursos.uoc.edu\/es\/wp-json\/wp\/v2\/media?parent=51"}],"curies":[{"name":"wp","href":"https:\/\/api.w.org\/{rel}","templated":true}]}}